{"id":724,"date":"2024-01-04T00:48:55","date_gmt":"2024-01-03T23:48:55","guid":{"rendered":"https:\/\/www.aidv.org\/home\/"},"modified":"2024-03-21T17:46:22","modified_gmt":"2024-03-21T16:46:22","slug":"home","status":"publish","type":"page","link":"https:\/\/www.aidv.org\/fr\/","title":{"rendered":"Accueil"},"content":{"rendered":"","protected":false},"excerpt":{"rendered":"","protected":false},"author":1,"featured_media":0,"parent":0,"menu_order":0,"comment_status":"closed","ping_status":"closed","template":"","meta":{"_acf_changed":false,"inline_featured_image":false,"footnotes":""},"class_list":["post-724","page","type-page","status-publish","hentry"],"acf":[],"yoast_head":"<!-- This site is optimized with the Yoast SEO plugin v27.5 - https:\/\/yoast.com\/product\/yoast-seo-wordpress\/ -->\n<title>AIDV &#8212; Association Internationale des Juristes du Droit de la Vigne et du Vin<\/title>\n<meta name=\"description\" content=\"L\u2019AIDV b\u00e9n\u00e9ficie du statut d\u2019Observateur aupr\u00e8s de l\u2019Organisation Internationale de la Vigne et du Vin (OIV) et de l\u2019Organisation Mondiale de la Propri\u00e9t\u00e9 Intellectuelle (OMPI). Elle suit \u00e9galement l\u2019activit\u00e9 de nombreuses autres organisations vitivinicoles internationales sp\u00e9cialis\u00e9es.\" \/>\n<meta name=\"robots\" content=\"index, follow, max-snippet:-1, max-image-preview:large, max-video-preview:-1\" \/>\n<link rel=\"canonical\" href=\"https:\/\/www.aidv.org\/fr\/\" \/>\n<meta property=\"og:locale\" content=\"fr_FR\" \/>\n<meta property=\"og:type\" content=\"article\" \/>\n<meta property=\"og:title\" content=\"AIDV &#8212; Association Internationale des Juristes du Droit de la Vigne et du Vin\" \/>\n<meta property=\"og:description\" content=\"L\u2019AIDV b\u00e9n\u00e9ficie du statut d\u2019Observateur aupr\u00e8s de l\u2019Organisation Internationale de la Vigne et du Vin (OIV) et de l\u2019Organisation Mondiale de la Propri\u00e9t\u00e9 Intellectuelle (OMPI). Elle suit \u00e9galement l\u2019activit\u00e9 de nombreuses autres organisations vitivinicoles internationales sp\u00e9cialis\u00e9es.\" \/>\n<meta property=\"og:url\" content=\"https:\/\/www.aidv.org\/fr\/\" \/>\n<meta property=\"og:site_name\" content=\"AIDV\" \/>\n<meta property=\"article:modified_time\" content=\"2024-03-21T16:46:22+00:00\" \/>\n<meta name=\"twitter:card\" content=\"summary_large_image\" \/>\n<script type=\"application\/ld+json\" class=\"yoast-schema-graph\">{\"@context\":\"https:\\\/\\\/schema.org\",\"@graph\":[{\"@type\":\"WebPage\",\"@id\":\"https:\\\/\\\/www.aidv.org\\\/fr\\\/\",\"url\":\"https:\\\/\\\/www.aidv.org\\\/fr\\\/\",\"name\":\"AIDV &#8212; Association Internationale des Juristes du Droit de la Vigne et du Vin\",\"isPartOf\":{\"@id\":\"https:\\\/\\\/www.aidv.org\\\/fr\\\/#website\"},\"datePublished\":\"2024-01-03T23:48:55+00:00\",\"dateModified\":\"2024-03-21T16:46:22+00:00\",\"description\":\"L\u2019AIDV b\u00e9n\u00e9ficie du statut d\u2019Observateur aupr\u00e8s de l\u2019Organisation Internationale de la Vigne et du Vin (OIV) et de l\u2019Organisation Mondiale de la Propri\u00e9t\u00e9 Intellectuelle (OMPI). Elle suit \u00e9galement l\u2019activit\u00e9 de nombreuses autres organisations vitivinicoles internationales sp\u00e9cialis\u00e9es.\",\"breadcrumb\":{\"@id\":\"https:\\\/\\\/www.aidv.org\\\/fr\\\/#breadcrumb\"},\"inLanguage\":\"fr-FR\",\"potentialAction\":[{\"@type\":\"ReadAction\",\"target\":[\"https:\\\/\\\/www.aidv.org\\\/fr\\\/\"]}]},{\"@type\":\"BreadcrumbList\",\"@id\":\"https:\\\/\\\/www.aidv.org\\\/fr\\\/#breadcrumb\",\"itemListElement\":[{\"@type\":\"ListItem\",\"position\":1,\"name\":\"Accueil\",\"item\":\"https:\\\/\\\/www.aidv.org\\\/fr\\\/\"},{\"@type\":\"ListItem\",\"position\":2,\"name\":\"Accueil\"}]},{\"@type\":\"WebSite\",\"@id\":\"https:\\\/\\\/www.aidv.org\\\/fr\\\/#website\",\"url\":\"https:\\\/\\\/www.aidv.org\\\/fr\\\/\",\"name\":\"AIDV\",\"description\":\"International Wine Law Association\",\"publisher\":{\"@id\":\"https:\\\/\\\/www.aidv.org\\\/fr\\\/#organization\"},\"potentialAction\":[{\"@type\":\"SearchAction\",\"target\":{\"@type\":\"EntryPoint\",\"urlTemplate\":\"https:\\\/\\\/www.aidv.org\\\/fr\\\/?s={search_term_string}\"},\"query-input\":{\"@type\":\"PropertyValueSpecification\",\"valueRequired\":true,\"valueName\":\"search_term_string\"}}],\"inLanguage\":\"fr-FR\"},{\"@type\":\"Organization\",\"@id\":\"https:\\\/\\\/www.aidv.org\\\/fr\\\/#organization\",\"name\":\"AIDV\",\"url\":\"https:\\\/\\\/www.aidv.org\\\/fr\\\/\",\"logo\":{\"@type\":\"ImageObject\",\"inLanguage\":\"fr-FR\",\"@id\":\"https:\\\/\\\/www.aidv.org\\\/fr\\\/#\\\/schema\\\/logo\\\/image\\\/\",\"url\":\"https:\\\/\\\/www.aidv.org\\\/wp-content\\\/uploads\\\/2024\\\/01\\\/AIDV-logo-International-Wine-Law-Association.png\",\"contentUrl\":\"https:\\\/\\\/www.aidv.org\\\/wp-content\\\/uploads\\\/2024\\\/01\\\/AIDV-logo-International-Wine-Law-Association.png\",\"width\":1500,\"height\":517,\"caption\":\"AIDV\"},\"image\":{\"@id\":\"https:\\\/\\\/www.aidv.org\\\/fr\\\/#\\\/schema\\\/logo\\\/image\\\/\"},\"sameAs\":[\"https:\\\/\\\/fr.linkedin.com\\\/company\\\/aidv-iwla\"]}]}<\/script>\n<!-- \/ Yoast SEO plugin. -->","yoast_head_json":{"title":"AIDV &#8212; Association Internationale des Juristes du Droit de la Vigne et du Vin","description":"L\u2019AIDV b\u00e9n\u00e9ficie du statut d\u2019Observateur aupr\u00e8s de l\u2019Organisation Internationale de la Vigne et du Vin (OIV) et de l\u2019Organisation Mondiale de la Propri\u00e9t\u00e9 Intellectuelle (OMPI). Elle suit \u00e9galement l\u2019activit\u00e9 de nombreuses autres organisations vitivinicoles internationales sp\u00e9cialis\u00e9es.","robots":{"index":"index","follow":"follow","max-snippet":"max-snippet:-1","max-image-preview":"max-image-preview:large","max-video-preview":"max-video-preview:-1"},"canonical":"https:\/\/www.aidv.org\/fr\/","og_locale":"fr_FR","og_type":"article","og_title":"AIDV &#8212; Association Internationale des Juristes du Droit de la Vigne et du Vin","og_description":"L\u2019AIDV b\u00e9n\u00e9ficie du statut d\u2019Observateur aupr\u00e8s de l\u2019Organisation Internationale de la Vigne et du Vin (OIV) et de l\u2019Organisation Mondiale de la Propri\u00e9t\u00e9 Intellectuelle (OMPI). Elle suit \u00e9galement l\u2019activit\u00e9 de nombreuses autres organisations vitivinicoles internationales sp\u00e9cialis\u00e9es.","og_url":"https:\/\/www.aidv.org\/fr\/","og_site_name":"AIDV","article_modified_time":"2024-03-21T16:46:22+00:00","twitter_card":"summary_large_image","schema":{"@context":"https:\/\/schema.org","@graph":[{"@type":"WebPage","@id":"https:\/\/www.aidv.org\/fr\/","url":"https:\/\/www.aidv.org\/fr\/","name":"AIDV &#8212; Association Internationale des Juristes du Droit de la Vigne et du Vin","isPartOf":{"@id":"https:\/\/www.aidv.org\/fr\/#website"},"datePublished":"2024-01-03T23:48:55+00:00","dateModified":"2024-03-21T16:46:22+00:00","description":"L\u2019AIDV b\u00e9n\u00e9ficie du statut d\u2019Observateur aupr\u00e8s de l\u2019Organisation Internationale de la Vigne et du Vin (OIV) et de l\u2019Organisation Mondiale de la Propri\u00e9t\u00e9 Intellectuelle (OMPI). Elle suit \u00e9galement l\u2019activit\u00e9 de nombreuses autres organisations vitivinicoles internationales sp\u00e9cialis\u00e9es.","breadcrumb":{"@id":"https:\/\/www.aidv.org\/fr\/#breadcrumb"},"inLanguage":"fr-FR","potentialAction":[{"@type":"ReadAction","target":["https:\/\/www.aidv.org\/fr\/"]}]},{"@type":"BreadcrumbList","@id":"https:\/\/www.aidv.org\/fr\/#breadcrumb","itemListElement":[{"@type":"ListItem","position":1,"name":"Accueil","item":"https:\/\/www.aidv.org\/fr\/"},{"@type":"ListItem","position":2,"name":"Accueil"}]},{"@type":"WebSite","@id":"https:\/\/www.aidv.org\/fr\/#website","url":"https:\/\/www.aidv.org\/fr\/","name":"AIDV","description":"International Wine Law Association","publisher":{"@id":"https:\/\/www.aidv.org\/fr\/#organization"},"potentialAction":[{"@type":"SearchAction","target":{"@type":"EntryPoint","urlTemplate":"https:\/\/www.aidv.org\/fr\/?s={search_term_string}"},"query-input":{"@type":"PropertyValueSpecification","valueRequired":true,"valueName":"search_term_string"}}],"inLanguage":"fr-FR"},{"@type":"Organization","@id":"https:\/\/www.aidv.org\/fr\/#organization","name":"AIDV","url":"https:\/\/www.aidv.org\/fr\/","logo":{"@type":"ImageObject","inLanguage":"fr-FR","@id":"https:\/\/www.aidv.org\/fr\/#\/schema\/logo\/image\/","url":"https:\/\/www.aidv.org\/wp-content\/uploads\/2024\/01\/AIDV-logo-International-Wine-Law-Association.png","contentUrl":"https:\/\/www.aidv.org\/wp-content\/uploads\/2024\/01\/AIDV-logo-International-Wine-Law-Association.png","width":1500,"height":517,"caption":"AIDV"},"image":{"@id":"https:\/\/www.aidv.org\/fr\/#\/schema\/logo\/image\/"},"sameAs":["https:\/\/fr.linkedin.com\/company\/aidv-iwla"]}]}},"_links":{"self":[{"href":"https:\/\/www.aidv.org\/fr\/wp-json\/wp\/v2\/pages\/724","targetHints":{"allow":["GET"]}}],"collection":[{"href":"https:\/\/www.aidv.org\/fr\/wp-json\/wp\/v2\/pages"}],"about":[{"href":"https:\/\/www.aidv.org\/fr\/wp-json\/wp\/v2\/types\/page"}],"author":[{"embeddable":true,"href":"https:\/\/www.aidv.org\/fr\/wp-json\/wp\/v2\/users\/1"}],"replies":[{"embeddable":true,"href":"https:\/\/www.aidv.org\/fr\/wp-json\/wp\/v2\/comments?post=724"}],"version-history":[{"count":10,"href":"https:\/\/www.aidv.org\/fr\/wp-json\/wp\/v2\/pages\/724\/revisions"}],"predecessor-version":[{"id":1782,"href":"https:\/\/www.aidv.org\/fr\/wp-json\/wp\/v2\/pages\/724\/revisions\/1782"}],"wp:attachment":[{"href":"https:\/\/www.aidv.org\/fr\/wp-json\/wp\/v2\/media?parent=724"}],"curies":[{"name":"wp","href":"https:\/\/api.w.org\/{rel}","templated":true}]}}