{"id":645,"date":"2024-01-03T14:47:58","date_gmt":"2024-01-03T13:47:58","guid":{"rendered":"https:\/\/www.aidv.org\/about\/"},"modified":"2026-01-14T15:53:57","modified_gmt":"2026-01-14T14:53:57","slug":"a-propos","status":"publish","type":"page","link":"https:\/\/www.aidv.org\/fr\/a-propos\/","title":{"rendered":"A propos"},"content":{"rendered":"","protected":false},"excerpt":{"rendered":"","protected":false},"author":1,"featured_media":0,"parent":0,"menu_order":0,"comment_status":"closed","ping_status":"closed","template":"tpl-asso-about.php","meta":{"_acf_changed":false,"inline_featured_image":false,"footnotes":""},"class_list":["post-645","page","type-page","status-publish","hentry"],"acf":[],"yoast_head":"<!-- This site is optimized with the Yoast SEO plugin v27.3 - https:\/\/yoast.com\/product\/yoast-seo-wordpress\/ -->\n<title>A propos &#8212; AIDV Association Internationale des Juristes du Droit de la Vigne et du Vin<\/title>\n<meta name=\"description\" content=\"L\u2019AIDV a \u00e9t\u00e9 fond\u00e9e en 1985, par des juristes europ\u00e9ens et am\u00e9ricains, dans le but de cr\u00e9er un forum d\u2019\u00e9tudes et de d\u00e9bats sur les questions juridiques concernant la communaut\u00e9 viticole et le commerce du vin, \u00e0 travers le monde.\" \/>\n<meta name=\"robots\" content=\"index, follow, max-snippet:-1, max-image-preview:large, max-video-preview:-1\" \/>\n<link rel=\"canonical\" href=\"https:\/\/www.aidv.org\/fr\/a-propos\/\" \/>\n<meta property=\"og:locale\" content=\"fr_FR\" \/>\n<meta property=\"og:type\" content=\"article\" \/>\n<meta property=\"og:title\" content=\"A propos &#8212; AIDV Association Internationale des Juristes du Droit de la Vigne et du Vin\" \/>\n<meta property=\"og:description\" content=\"L\u2019AIDV a \u00e9t\u00e9 fond\u00e9e en 1985, par des juristes europ\u00e9ens et am\u00e9ricains, dans le but de cr\u00e9er un forum d\u2019\u00e9tudes et de d\u00e9bats sur les questions juridiques concernant la communaut\u00e9 viticole et le commerce du vin, \u00e0 travers le monde.\" \/>\n<meta property=\"og:url\" content=\"https:\/\/www.aidv.org\/fr\/a-propos\/\" \/>\n<meta property=\"og:site_name\" content=\"AIDV\" \/>\n<meta property=\"article:modified_time\" content=\"2026-01-14T14:53:57+00:00\" \/>\n<meta name=\"twitter:card\" content=\"summary_large_image\" \/>\n<script type=\"application\/ld+json\" class=\"yoast-schema-graph\">{\"@context\":\"https:\\\/\\\/schema.org\",\"@graph\":[{\"@type\":\"WebPage\",\"@id\":\"https:\\\/\\\/www.aidv.org\\\/fr\\\/a-propos\\\/\",\"url\":\"https:\\\/\\\/www.aidv.org\\\/fr\\\/a-propos\\\/\",\"name\":\"A propos &#8212; AIDV Association Internationale des Juristes du Droit de la Vigne et du Vin\",\"isPartOf\":{\"@id\":\"https:\\\/\\\/www.aidv.org\\\/fr\\\/#website\"},\"datePublished\":\"2024-01-03T13:47:58+00:00\",\"dateModified\":\"2026-01-14T14:53:57+00:00\",\"description\":\"L\u2019AIDV a \u00e9t\u00e9 fond\u00e9e en 1985, par des juristes europ\u00e9ens et am\u00e9ricains, dans le but de cr\u00e9er un forum d\u2019\u00e9tudes et de d\u00e9bats sur les questions juridiques concernant la communaut\u00e9 viticole et le commerce du vin, \u00e0 travers le monde.\",\"breadcrumb\":{\"@id\":\"https:\\\/\\\/www.aidv.org\\\/fr\\\/a-propos\\\/#breadcrumb\"},\"inLanguage\":\"fr-FR\",\"potentialAction\":[{\"@type\":\"ReadAction\",\"target\":[\"https:\\\/\\\/www.aidv.org\\\/fr\\\/a-propos\\\/\"]}]},{\"@type\":\"BreadcrumbList\",\"@id\":\"https:\\\/\\\/www.aidv.org\\\/fr\\\/a-propos\\\/#breadcrumb\",\"itemListElement\":[{\"@type\":\"ListItem\",\"position\":1,\"name\":\"Accueil\",\"item\":\"https:\\\/\\\/www.aidv.org\\\/fr\\\/\"},{\"@type\":\"ListItem\",\"position\":2,\"name\":\"A propos\"}]},{\"@type\":\"WebSite\",\"@id\":\"https:\\\/\\\/www.aidv.org\\\/fr\\\/#website\",\"url\":\"https:\\\/\\\/www.aidv.org\\\/fr\\\/\",\"name\":\"AIDV\",\"description\":\"International Wine Law Association\",\"publisher\":{\"@id\":\"https:\\\/\\\/www.aidv.org\\\/fr\\\/#organization\"},\"potentialAction\":[{\"@type\":\"SearchAction\",\"target\":{\"@type\":\"EntryPoint\",\"urlTemplate\":\"https:\\\/\\\/www.aidv.org\\\/fr\\\/?s={search_term_string}\"},\"query-input\":{\"@type\":\"PropertyValueSpecification\",\"valueRequired\":true,\"valueName\":\"search_term_string\"}}],\"inLanguage\":\"fr-FR\"},{\"@type\":\"Organization\",\"@id\":\"https:\\\/\\\/www.aidv.org\\\/fr\\\/#organization\",\"name\":\"AIDV\",\"url\":\"https:\\\/\\\/www.aidv.org\\\/fr\\\/\",\"logo\":{\"@type\":\"ImageObject\",\"inLanguage\":\"fr-FR\",\"@id\":\"https:\\\/\\\/www.aidv.org\\\/fr\\\/#\\\/schema\\\/logo\\\/image\\\/\",\"url\":\"https:\\\/\\\/www.aidv.org\\\/wp-content\\\/uploads\\\/2024\\\/01\\\/AIDV-logo-International-Wine-Law-Association.png\",\"contentUrl\":\"https:\\\/\\\/www.aidv.org\\\/wp-content\\\/uploads\\\/2024\\\/01\\\/AIDV-logo-International-Wine-Law-Association.png\",\"width\":1500,\"height\":517,\"caption\":\"AIDV\"},\"image\":{\"@id\":\"https:\\\/\\\/www.aidv.org\\\/fr\\\/#\\\/schema\\\/logo\\\/image\\\/\"},\"sameAs\":[\"https:\\\/\\\/fr.linkedin.com\\\/company\\\/aidv-iwla\"]}]}<\/script>\n<!-- \/ Yoast SEO plugin. -->","yoast_head_json":{"title":"A propos &#8212; AIDV Association Internationale des Juristes du Droit de la Vigne et du Vin","description":"L\u2019AIDV a \u00e9t\u00e9 fond\u00e9e en 1985, par des juristes europ\u00e9ens et am\u00e9ricains, dans le but de cr\u00e9er un forum d\u2019\u00e9tudes et de d\u00e9bats sur les questions juridiques concernant la communaut\u00e9 viticole et le commerce du vin, \u00e0 travers le monde.","robots":{"index":"index","follow":"follow","max-snippet":"max-snippet:-1","max-image-preview":"max-image-preview:large","max-video-preview":"max-video-preview:-1"},"canonical":"https:\/\/www.aidv.org\/fr\/a-propos\/","og_locale":"fr_FR","og_type":"article","og_title":"A propos &#8212; AIDV Association Internationale des Juristes du Droit de la Vigne et du Vin","og_description":"L\u2019AIDV a \u00e9t\u00e9 fond\u00e9e en 1985, par des juristes europ\u00e9ens et am\u00e9ricains, dans le but de cr\u00e9er un forum d\u2019\u00e9tudes et de d\u00e9bats sur les questions juridiques concernant la communaut\u00e9 viticole et le commerce du vin, \u00e0 travers le monde.","og_url":"https:\/\/www.aidv.org\/fr\/a-propos\/","og_site_name":"AIDV","article_modified_time":"2026-01-14T14:53:57+00:00","twitter_card":"summary_large_image","schema":{"@context":"https:\/\/schema.org","@graph":[{"@type":"WebPage","@id":"https:\/\/www.aidv.org\/fr\/a-propos\/","url":"https:\/\/www.aidv.org\/fr\/a-propos\/","name":"A propos &#8212; AIDV Association Internationale des Juristes du Droit de la Vigne et du Vin","isPartOf":{"@id":"https:\/\/www.aidv.org\/fr\/#website"},"datePublished":"2024-01-03T13:47:58+00:00","dateModified":"2026-01-14T14:53:57+00:00","description":"L\u2019AIDV a \u00e9t\u00e9 fond\u00e9e en 1985, par des juristes europ\u00e9ens et am\u00e9ricains, dans le but de cr\u00e9er un forum d\u2019\u00e9tudes et de d\u00e9bats sur les questions juridiques concernant la communaut\u00e9 viticole et le commerce du vin, \u00e0 travers le monde.","breadcrumb":{"@id":"https:\/\/www.aidv.org\/fr\/a-propos\/#breadcrumb"},"inLanguage":"fr-FR","potentialAction":[{"@type":"ReadAction","target":["https:\/\/www.aidv.org\/fr\/a-propos\/"]}]},{"@type":"BreadcrumbList","@id":"https:\/\/www.aidv.org\/fr\/a-propos\/#breadcrumb","itemListElement":[{"@type":"ListItem","position":1,"name":"Accueil","item":"https:\/\/www.aidv.org\/fr\/"},{"@type":"ListItem","position":2,"name":"A propos"}]},{"@type":"WebSite","@id":"https:\/\/www.aidv.org\/fr\/#website","url":"https:\/\/www.aidv.org\/fr\/","name":"AIDV","description":"International Wine Law Association","publisher":{"@id":"https:\/\/www.aidv.org\/fr\/#organization"},"potentialAction":[{"@type":"SearchAction","target":{"@type":"EntryPoint","urlTemplate":"https:\/\/www.aidv.org\/fr\/?s={search_term_string}"},"query-input":{"@type":"PropertyValueSpecification","valueRequired":true,"valueName":"search_term_string"}}],"inLanguage":"fr-FR"},{"@type":"Organization","@id":"https:\/\/www.aidv.org\/fr\/#organization","name":"AIDV","url":"https:\/\/www.aidv.org\/fr\/","logo":{"@type":"ImageObject","inLanguage":"fr-FR","@id":"https:\/\/www.aidv.org\/fr\/#\/schema\/logo\/image\/","url":"https:\/\/www.aidv.org\/wp-content\/uploads\/2024\/01\/AIDV-logo-International-Wine-Law-Association.png","contentUrl":"https:\/\/www.aidv.org\/wp-content\/uploads\/2024\/01\/AIDV-logo-International-Wine-Law-Association.png","width":1500,"height":517,"caption":"AIDV"},"image":{"@id":"https:\/\/www.aidv.org\/fr\/#\/schema\/logo\/image\/"},"sameAs":["https:\/\/fr.linkedin.com\/company\/aidv-iwla"]}]}},"_links":{"self":[{"href":"https:\/\/www.aidv.org\/fr\/wp-json\/wp\/v2\/pages\/645","targetHints":{"allow":["GET"]}}],"collection":[{"href":"https:\/\/www.aidv.org\/fr\/wp-json\/wp\/v2\/pages"}],"about":[{"href":"https:\/\/www.aidv.org\/fr\/wp-json\/wp\/v2\/types\/page"}],"author":[{"embeddable":true,"href":"https:\/\/www.aidv.org\/fr\/wp-json\/wp\/v2\/users\/1"}],"replies":[{"embeddable":true,"href":"https:\/\/www.aidv.org\/fr\/wp-json\/wp\/v2\/comments?post=645"}],"version-history":[{"count":3,"href":"https:\/\/www.aidv.org\/fr\/wp-json\/wp\/v2\/pages\/645\/revisions"}],"predecessor-version":[{"id":4554,"href":"https:\/\/www.aidv.org\/fr\/wp-json\/wp\/v2\/pages\/645\/revisions\/4554"}],"wp:attachment":[{"href":"https:\/\/www.aidv.org\/fr\/wp-json\/wp\/v2\/media?parent=645"}],"curies":[{"name":"wp","href":"https:\/\/api.w.org\/{rel}","templated":true}]}}