{"id":1482,"date":"2024-01-03T13:30:00","date_gmt":"2024-01-03T12:30:00","guid":{"rendered":"https:\/\/www.aidv.org\/privacy-policy\/"},"modified":"2025-01-08T17:06:50","modified_gmt":"2025-01-08T16:06:50","slug":"politique-de-confidentialite","status":"publish","type":"page","link":"https:\/\/www.aidv.org\/fr\/politique-de-confidentialite\/","title":{"rendered":"Politique de confidentialit\u00e9"},"content":{"rendered":"\r\n<div>\r\n<ul>\r\n<li>La pr\u00e9sente politique de confidentialit\u00e9 d\u00e9finit et vous informe de la mani\u00e8re dont l\u2019AIDV utilise et prot\u00e8ge les informations que vous nous transmettez, le cas \u00e9ch\u00e9ant, lorsque vous utilisez le pr\u00e9sent site accessible \u00e0 partir de l\u2019URL suivante https:\/\/www.aidv.org<\/li>\r\n<li>Cette politique de confidentialit\u00e9 est susceptible d\u2019\u00eatre modifi\u00e9e ou compl\u00e9t\u00e9e \u00e0 tout moment par l\u2019AIDV, notamment en vue de se conformer \u00e0 toute \u00e9volution l\u00e9gislative, r\u00e8glementaire, jurisprudentielle ou technologique. Dans un tel cas, la date de sa mise \u00e0 jour sera clairement identifi\u00e9e en t\u00eate de la pr\u00e9sente politique. Ces modifications engagent l\u2019Utilisateur d\u00e8s leur mise en ligne. Il convient par cons\u00e9quent que l\u2019Utilisateur consulte r\u00e9guli\u00e8rement la pr\u00e9sente politique de confidentialit\u00e9 et d\u2019utilisation des cookies afin de prendre connaissance de ses \u00e9ventuelles modifications.<\/li>\r\n<li>Conform\u00e9ment au R\u00e8glement G\u00e9n\u00e9ral relatif \u00e0 la Protection des Donn\u00e9es, \u00e0 la Loi Informatique et Libert\u00e9s du 6 janvier 1978 modifi\u00e9e, ainsi, le cas \u00e9ch\u00e9ant, que des textes l\u00e9gaux et r\u00e9glementaires qui viendront les compl\u00e9ter ou s\u2019y substituer, l\u2019AIDV vous informe des points suivants :<\/li>\r\n<\/ul>\r\n<div>\r\n<div>\r\n<h2 class=\"wp-block-heading\">I- Donn\u00e9es personnelles<\/h2>\r\n<u>I-1 Identit\u00e9 du responsable du traitement<br \/><\/u><br \/>Le responsable du traitement est l\u2019Association Internationale des Juristes du Droit de la Vigne et du Vin -AIDV, c\/o OIV &#8211; H\u00f4tel Bouchu dit d\u2019Esterno, 1 rue Monge, 21000 Dijon<br \/>L\u2019AIDV est une association<\/div>\r\n<ul>\r\n<li>r\u00e9gie par la loi fran\u00e7aise du 1er juillet 1901 d\u00e9clar\u00e9e au Journal Officiel de la R\u00e9publique fran\u00e7aise n\u00b0 46 du 13\/11\/1985,<\/li>\r\n<li>inscrite au registre national des associations sous la r\u00e9f\u00e9rence RNA W751074250 et<\/li>\r\n<li>immatricul\u00e9e au r\u00e9pertoire Sirene sous le n\u00b0 803 562 123 00015.<\/li>\r\n<\/ul>\r\n<div>Tel: 33 (0)1 44 94 80 95 &#8211; E-mail: contact@aidv.org &#8211; www.aidv.org<br \/><br \/><u>I-2 Donn\u00e9es personnelles collect\u00e9es<\/u><\/div>\r\n<div>\u00a0<\/div>\r\n<div>D\u2019une mani\u00e8re g\u00e9n\u00e9rale, il vous est possible de visiter le Site de l\u2019AIDV sans communiquer aucune information personnelle vous concernant.<br \/>L\u2019AIDV ne collecte aucune donn\u00e9e sensible vous concernant. Sont consid\u00e9r\u00e9es comme des donn\u00e9es sensibles : l&rsquo;origine raciale ou ethnique, les opinions politiques, les croyances religieuses ou philosophiques, l&rsquo;adh\u00e9sion \u00e0 un syndicat, les donn\u00e9es relatives \u00e0 la sant\u00e9 ou l&rsquo;orientation sexuelle.<br \/>Conform\u00e9ment au registre des traitements des donn\u00e9es, les donn\u00e9es envoy\u00e9es via les formulaires de contact, d\u2019adh\u00e9sion et d&rsquo;inscription aux conf\u00e9rences sont stock\u00e9es. Ces donn\u00e9es nous permettent simplement de vous identifier au mieux pour faciliter la prise de contact ult\u00e9rieure. Elles permettent \u00e9galement de retrouver le message si celui-ci a \u00e9t\u00e9 bloqu\u00e9 par un antispam. Votre adresse IP et l&rsquo;agent utilisateur de votre navigateur sont \u00e9galement collect\u00e9s pour des raisons de s\u00e9curit\u00e9.<br \/><br \/>Les donn\u00e9es collect\u00e9es sont :<\/div>\r\n<ul>\r\n<li>les donn\u00e9es d\u2019identification (par exemple : nom, pr\u00e9nom, profession, \u2026) ;<\/li>\r\n<li>les coordonn\u00e9es (par exemple : t\u00e9l\u00e9phone, adresse e-mail, adresse postale,\u2026) ;<\/li>\r\n<li>les informations financi\u00e8res (par exemple : moyens de paiement, montant de la cotisation) ;<\/li>\r\n<li>les donn\u00e9es de connexion (par exemple logs, adresse IP,\u2026).<\/li>\r\n<\/ul>\r\n<div>Les coordonn\u00e9es bancaires ne sont ni trait\u00e9es, ni conserv\u00e9es sur notre site.<\/div>\r\n<div>En fournissant ces informations, vous acceptez express\u00e9ment qu\u2019elles soient trait\u00e9es par l\u2019AIDV, aux fins indiqu\u00e9es au point 3 ci-dessous ainsi qu\u2019aux fins rappel\u00e9es \u00e0 la fin de chaque formulaire.<\/div>\r\n<div>\r\n<div>\r\n<p><u>I-3 Finalit\u00e9s du traitement<\/u><\/p>\r\nL\u2019AIDV est susceptible de traiter vos donn\u00e9es personnelles :<\/div>\r\n<ul>\r\n<li>aux fins de g\u00e9rer les adh\u00e9sions \u00e0 l\u2019AIDV et d\u2019\u00e9tablir un annuaire des membres de l\u2019AIDV dont l\u2019acc\u00e8s est exclusivement r\u00e9serv\u00e9 aux membres de l\u2019AIDV ; et\/ou<\/li>\r\n<li>aux fins de fournir aux membres les informations ou les services mis en place par l\u2019AIDV (notamment : l\u2019envoi de la Newsletter, informations sur nos conf\u00e9rences ou publications,&#8230;) ; et\/ou<\/li>\r\n<li>aux fins de recueillir des informations nous permettant d\u2019am\u00e9liorer notre Site ou nos services (notamment par le biais de cookies) ; et\/ou<\/li>\r\n<li>aux fins de pouvoir vous contacter \u00e0 propos de diff\u00e9rents \u00e9v\u00e8nements relatifs \u00e0 l\u2019AIDV, incluant notamment la mise \u00e0 jour des services et le support adh\u00e9rents.<\/li>\r\n<\/ul>\r\n<div>\r\n<p><u>I-4 Dur\u00e9e de conservation<\/u><\/p>\r\n<\/div>\r\n<div>\r\n<ul>\r\n<li>Conform\u00e9ment au registre des traitements des donn\u00e9es, vos Informations personnelles sont conserv\u00e9es par l\u2019AIDV uniquement pour le temps correspondant \u00e0 la finalit\u00e9 de la collecte tel qu\u2019indiqu\u00e9 en 3 ci-dessus qui ne saurait en tout \u00e9tat de cause exc\u00e9der 5 ans.<\/li>\r\n<\/ul>\r\n<p><u>I-5 Droits Informatique et Libert\u00e9s<\/u><\/p>\r\n<div>\r\n<ul>\r\n<li>Conform\u00e9ment \u00e0 la r\u00e9glementation applicable en mati\u00e8re de protection des donn\u00e9es personnelles, vous pouvez exercer votre droit \u00e0 la modification, \u00e0 la consultation, ou \u00e0 la suppression de vos donn\u00e9es personnelles en nous \u00e9crivant \u00e0 l\u2019adresse postale mentionn\u00e9e au point 1 ou en remplissant le formulaire de contact.<br \/>Avant de r\u00e9pondre \u00e0 votre demande, nous sommes susceptibles de v\u00e9rifier votre identit\u00e9 et\/ou vous demander de nous fournir davantage d&rsquo;informations pour r\u00e9pondre \u00e0 votre demande.https:\/\/www.cnil.fr\/fr\/modele\/courrier\/supprimer-des-informations-vous-concernant-dun-site-internet<\/li>\r\n<\/ul>\r\n<p>Vous disposez des droits suivants concernant vos donn\u00e9es personnelles :<\/p>\r\n<ul>\r\n<li>Droit d\u2019acc\u00e8s et de communication des donn\u00e9esVous trouverez en cliquant sur le lien suivant un mod\u00e8le de courrier \u00e9labor\u00e9 par la Commission Nationale de l\u2019Informatique et des Libert\u00e9s (la \u00ab CNIL \u00bb). https:\/\/www.cnil.fr\/fr\/modele\/courrier\/exercer-son-droit-dacces<\/li>\r\n<li>Droit de rectification des donn\u00e9esVous trouverez en cliquant sur le lien suivant un mod\u00e8le de courrier \u00e9labor\u00e9 par la CNIL. https:\/\/www.cnil.fr\/fr\/modele\/courrier\/rectifier-des-donnees-inexactes-obsoletes-ou-perimees<\/li>\r\n<li>Droit d\u2019oppositionVous trouverez en cliquant sur le lien suivant un mod\u00e8le de courrier \u00e9labor\u00e9 par la CNIL. https:\/\/www.cnil.fr\/fr\/modele\/courrier\/supprimer-des-informations-vous-concernant-dun-site-internet<\/li>\r\n<\/ul>\r\n<p>L\u2019AIDV s\u2019engage \u00e0 r\u00e9pondre \u00e0 votre demande d\u2019acc\u00e8s, de rectification ou d\u2019opposition ou toute autre demande compl\u00e9mentaire d\u2019informations dans un d\u00e9lai raisonnable qui ne saurait d\u00e9passer, en tout \u00e9tat de cause, les d\u00e9lais fix\u00e9s par la loi. En cas de r\u00e9ponse insatisfaisante, vous pouvez introduire une r\u00e9clamation aupr\u00e8s de la Commission nationale de l&rsquo;informatique et des libert\u00e9s (CNIL)<\/p>\r\n<h2>II- Protection des donn\u00e9es<\/h2>\r\n<a id=\"lnk1852309d\" href=\"https:\/\/www.scaleway.com\/en\/pdf\/PSSI.pdf\"><\/a><u>II-1 Vos droits en mati\u00e8re d&rsquo;acceptation et de gestion des cookies<\/u><\/div>\r\n<div>\u00a0<\/div>\r\n<div>Lors de votre premi\u00e8re connexion sur le site web de l\u2019AIDV, vous \u00eates avertis par un bandeau en haut de votre \u00e9cran que des informations relatives \u00e0 votre navigation sont susceptibles d\u2019\u00eatre enregistr\u00e9es dans des fichiers d\u00e9nomm\u00e9s \u00ab cookies \u00bb.<\/div>\r\n<div>\r\n<p>Pour la gestion des cookies et de vos choix, la configuration de chaque navigateur est diff\u00e9rente. Elle est d\u00e9crite dans le menu d&rsquo;aide de votre navigateur, qui vous permettra de savoir de quelle mani\u00e8re modifier vos souhaits en mati\u00e8re de cookies.<\/p>\r\n<ul>\r\n<li><a id=\"lnk507616fe\" href=\"https:\/\/support.google.com\/chrome\/answer\/95647\">Google Chrome<\/a><\/li>\r\n<li><a id=\"lnked351c5a\" href=\"https:\/\/support.mozilla.org\/fr\/kb\/protection-renforcee-contre-pistage-firefox-ordinateur?redirectlocale=fr&amp;redirectslug=activer-desactiver-cookies-preferences\">Mozilla Firefox<\/a><\/li>\r\n<li><a id=\"lnk25d6e5b6\" href=\"https:\/\/support.microsoft.com\/fr-fr\/help\/17442\/windows-internet-explorer-delete-manage-cookies\">Microsoft Internet Explorer<\/a><\/li>\r\n<li><a id=\"lnk2794d2d1\" href=\"https:\/\/support.microsoft.com\/fr-fr\/help\/4468242\/microsoft-edge-browsing-data-and-privacy\">Microsoft Edge<\/a><\/li>\r\n<li><a id=\"lnk54e0a90b\" href=\"https:\/\/help.opera.com\/en\/latest\/web-preferences\/\">Opera<\/a><\/li>\r\n<li><a id=\"lnk5526ed3e\" href=\"https:\/\/support.apple.com\/fr-fr\/guide\/safari\/sfri11471\/mac\">Apple Safari<\/a><\/li>\r\n<\/ul>\r\n<\/div>\r\n<div><u>II-2 Proc\u00e9dures mises en \u0153uvre en cas de fuite de donn\u00e9es<\/u><\/div>\r\n<div>\u00a0<\/div>\r\n<div>Conform\u00e9ment \u00e0 la proc\u00e9dure pr\u00e9vue par le r\u00e8glement g\u00e9n\u00e9ral sur la protection des donn\u00e9es en cas de fuite ou d&rsquo;anomalie concernant les donn\u00e9es personnelles en notre possession, nous informerons les autorit\u00e9s comp\u00e9tentes (CNIL).<br \/><br \/><u>II-3 Les services tiers qui nous transmettent des donn\u00e9es<\/u><\/div>\r\n<ul>\r\n<li>\r\n<p>PayPal<br \/>En cas de paiement en ligne via PayPal, les donn\u00e9es de paiement sont transf\u00e9r\u00e9es \u00e0 la soci\u00e9t\u00e9 PayPal (Europe) S.\u00e0 r.l. et Cie, situ\u00e9e au Luxembourg, pour les besoins de la transaction. L\u2019Utilisateur est en cons\u00e9quence invit\u00e9 \u00e0 se r\u00e9f\u00e9rer \u00e0 la Politique de Confidentialit\u00e9 de PayPal, pour plus d\u2019informations sur la mani\u00e8re dont PayPal traite ces donn\u00e9es. Du fait du recours aux services de PayPal, nous n\u2019avons pas acc\u00e8s aux donn\u00e9es de paiement de l\u2019Utilisateur (telles que les donn\u00e9es de votre carte bancaire).<br \/>Les donn\u00e9es relatives \u00e0 la transaction autres que les donn\u00e9es de paiement (adresse de facturation, heure du paiement, montant r\u00e9gl\u00e9, etc.) sont conserv\u00e9es pour la dur\u00e9e de la prescription l\u00e9gale en la mati\u00e8re.<\/p>\r\n<\/li>\r\n<li>\r\n<p>Google reCaptcha<br \/>Nous utilisons le service reCAPTCHA de Google Inc. (Google) pour prot\u00e9ger les entr\u00e9es des formulaires sur notre site. Ce service est utilis\u00e9 pour diff\u00e9rencier les entr\u00e9es faites par un \u00eatre humain des abus automatis\u00e9s (robots spammeurs). Cela implique l&rsquo;envoi de votre adresse IP et \u00e9ventuellement d&rsquo;autres donn\u00e9es requises par Google pour le service reCAPTCHA. Toutefois, votre adresse IP sera pr\u00e9alablement raccourcie par Google dans les \u00c9tats membres de l&rsquo;Union europ\u00e9enne et sera ainsi anonyme. En savoir plus.<\/p>\r\n<\/li>\r\n<li>\r\n<p>Google Analytics<br \/>Le site utilise le service Google Analytics, fourni par Google Inc (\u00ab Google \u00bb), qui permet d&rsquo;analyser la navigation sur le site et de r\u00e9aliser des statistiques et mesures d&rsquo;audience. Ce service d\u00e9spose des cookies sur votre ordinateur. Ces cookies servent \u00e0 faire des analyses, mesurer notre audience, conna\u00eetre le nombre de pages vues, le nombre de visites, conna\u00eetre le parcours des utilisateurs, savoir comment ils sont arriv\u00e9s sur le site, etc. Ces statistiques sont anonymes. Pour plus d&rsquo;information sur les r\u00e8gles de confidentialit\u00e9 relatives \u00e0 l&rsquo;utilisation de Google Analytics.<\/p>\r\n<\/li>\r\n<\/ul>\r\n<div><u>II-4 Liens vers d\u2019autres sites <\/u><br \/>\r\n<p>Le site Web de l&rsquo;AIDV propose des liens vers d\u2019autres sites qui ne rel\u00e8vent pas de son autorit\u00e9; l&rsquo;AIDV n\u2019est responsable ni de leur contenu ni des liens qu\u2019ils offrent, pas plus que des changements ou des mises \u00e0 jour qu\u2019ils subissent. Le fait d\u2019offrir un lien vers un site Web ne signifie aucunement que l&rsquo;AIDV endosse ce site ou l\u2019information et les services qu\u2019il fournit.<\/p>\r\n<p>L&rsquo;AIDV ne peut non plus se porter garante des politiques des autres sites Web en mati\u00e8re de confidentialit\u00e9. Nous vous invitons donc \u00e0 lire attentivement les politiques de tout site Web auquel vous acc\u00e9dez et qui vous demande de fournir des renseignements personnels.<\/p>\r\n<p>Les cookies de partage des r\u00e9seaux sociaux sont \u00e9mis et g\u00e9r\u00e9s par l\u2019\u00e9diteur du r\u00e9seau social concern\u00e9. Sous r\u00e9serve de votre consentement, ces cookies vous permettent de partager facilement une partie du contenu publi\u00e9 sur le site de l\u2019AIDV, notamment par l\u2019interm\u00e9diaire d\u2019un \u00ab bouton \u00bb applicatif de partage selon le r\u00e9seau social concern\u00e9. Trois types de cookies de partage des r\u00e9seaux sociaux sont pr\u00e9sents sur le site de l\u2019AIDV :<\/p>\r\n<ul>\r\n<li>Facebook, dont vous pouvez consulter la politique en mati\u00e8re de cookies en cliquant sur le lien suivant : https:\/\/fr-fr.facebook.com\/policies\/cookies\/<\/li>\r\n<li>LinkedIn, dont vous trouverez la politique relative aux cookies en cliquant sur le lien suivant : https:\/\/www.linkedin.com\/legal\/cookie-policy?_l=fr_FR<\/li>\r\n<li>Twitter, dont vous trouverez les options d\u00e9di\u00e9es au contr\u00f4le ou \u00e0 la restriction de l\u2019utilisation des cookies ainsi que la politique d\u2019utilisation des cookies : https:\/\/support.twitter.com\/articles\/20170518#<\/li>\r\n<\/ul>\r\n<p>&nbsp;<\/p>\r\n<\/div>\r\n<\/div>\r\n<\/div>\r\n<\/div>\r\n<\/div>\r\n","protected":false},"excerpt":{"rendered":"La pr\u00e9sente politique de confidentialit\u00e9 d\u00e9finit et vous informe de la mani\u00e8re dont l\u2019AIDV utilise et prot\u00e8ge les informations que vous nous transmettez, le cas \u00e9ch\u00e9ant, lorsque vous utilisez le pr\u00e9sent site accessible \u00e0 partir de l\u2019URL suivante https:\/\/www.aidv.org Cette politique de confidentialit\u00e9 est susceptible d\u2019\u00eatre modifi\u00e9e ou compl\u00e9t\u00e9e \u00e0 tout moment par l\u2019AIDV, notamment [&hellip;]","protected":false},"author":1,"featured_media":0,"parent":0,"menu_order":0,"comment_status":"closed","ping_status":"closed","template":"","meta":{"_acf_changed":false,"inline_featured_image":false,"footnotes":""},"class_list":["post-1482","page","type-page","status-publish","hentry"],"acf":[],"yoast_head":"<!-- This site is optimized with the Yoast SEO plugin v27.5 - https:\/\/yoast.com\/product\/yoast-seo-wordpress\/ -->\n<title>Politique de confidentialit\u00e9 &#8212; AIDV<\/title>\n<meta name=\"robots\" content=\"index, follow, max-snippet:-1, max-image-preview:large, max-video-preview:-1\" \/>\n<link rel=\"canonical\" href=\"https:\/\/www.aidv.org\/fr\/politique-de-confidentialite\/\" \/>\n<meta property=\"og:locale\" content=\"fr_FR\" \/>\n<meta property=\"og:type\" content=\"article\" \/>\n<meta property=\"og:title\" content=\"Politique de confidentialit\u00e9 &#8212; AIDV\" \/>\n<meta property=\"og:description\" content=\"La pr\u00e9sente politique de confidentialit\u00e9 d\u00e9finit et vous informe de la mani\u00e8re dont l\u2019AIDV utilise et prot\u00e8ge les informations que vous nous transmettez, le cas \u00e9ch\u00e9ant, lorsque vous utilisez le pr\u00e9sent site accessible \u00e0 partir de l\u2019URL suivante https:\/\/www.aidv.org Cette politique de confidentialit\u00e9 est susceptible d\u2019\u00eatre modifi\u00e9e ou compl\u00e9t\u00e9e \u00e0 tout moment par l\u2019AIDV, notamment [&hellip;]\" \/>\n<meta property=\"og:url\" content=\"https:\/\/www.aidv.org\/fr\/politique-de-confidentialite\/\" \/>\n<meta property=\"og:site_name\" content=\"AIDV\" \/>\n<meta property=\"article:modified_time\" content=\"2025-01-08T16:06:50+00:00\" \/>\n<meta name=\"twitter:card\" content=\"summary_large_image\" \/>\n<script type=\"application\/ld+json\" class=\"yoast-schema-graph\">{\"@context\":\"https:\\\/\\\/schema.org\",\"@graph\":[{\"@type\":\"WebPage\",\"@id\":\"https:\\\/\\\/www.aidv.org\\\/fr\\\/politique-de-confidentialite\\\/\",\"url\":\"https:\\\/\\\/www.aidv.org\\\/fr\\\/politique-de-confidentialite\\\/\",\"name\":\"Politique de confidentialit\u00e9 &#8212; AIDV\",\"isPartOf\":{\"@id\":\"https:\\\/\\\/www.aidv.org\\\/fr\\\/#website\"},\"datePublished\":\"2024-01-03T12:30:00+00:00\",\"dateModified\":\"2025-01-08T16:06:50+00:00\",\"breadcrumb\":{\"@id\":\"https:\\\/\\\/www.aidv.org\\\/fr\\\/politique-de-confidentialite\\\/#breadcrumb\"},\"inLanguage\":\"fr-FR\",\"potentialAction\":[{\"@type\":\"ReadAction\",\"target\":[\"https:\\\/\\\/www.aidv.org\\\/fr\\\/politique-de-confidentialite\\\/\"]}]},{\"@type\":\"BreadcrumbList\",\"@id\":\"https:\\\/\\\/www.aidv.org\\\/fr\\\/politique-de-confidentialite\\\/#breadcrumb\",\"itemListElement\":[{\"@type\":\"ListItem\",\"position\":1,\"name\":\"Accueil\",\"item\":\"https:\\\/\\\/www.aidv.org\\\/fr\\\/\"},{\"@type\":\"ListItem\",\"position\":2,\"name\":\"Politique de confidentialit\u00e9\"}]},{\"@type\":\"WebSite\",\"@id\":\"https:\\\/\\\/www.aidv.org\\\/fr\\\/#website\",\"url\":\"https:\\\/\\\/www.aidv.org\\\/fr\\\/\",\"name\":\"AIDV\",\"description\":\"International Wine Law Association\",\"publisher\":{\"@id\":\"https:\\\/\\\/www.aidv.org\\\/fr\\\/#organization\"},\"potentialAction\":[{\"@type\":\"SearchAction\",\"target\":{\"@type\":\"EntryPoint\",\"urlTemplate\":\"https:\\\/\\\/www.aidv.org\\\/fr\\\/?s={search_term_string}\"},\"query-input\":{\"@type\":\"PropertyValueSpecification\",\"valueRequired\":true,\"valueName\":\"search_term_string\"}}],\"inLanguage\":\"fr-FR\"},{\"@type\":\"Organization\",\"@id\":\"https:\\\/\\\/www.aidv.org\\\/fr\\\/#organization\",\"name\":\"AIDV\",\"url\":\"https:\\\/\\\/www.aidv.org\\\/fr\\\/\",\"logo\":{\"@type\":\"ImageObject\",\"inLanguage\":\"fr-FR\",\"@id\":\"https:\\\/\\\/www.aidv.org\\\/fr\\\/#\\\/schema\\\/logo\\\/image\\\/\",\"url\":\"https:\\\/\\\/www.aidv.org\\\/wp-content\\\/uploads\\\/2024\\\/01\\\/AIDV-logo-International-Wine-Law-Association.png\",\"contentUrl\":\"https:\\\/\\\/www.aidv.org\\\/wp-content\\\/uploads\\\/2024\\\/01\\\/AIDV-logo-International-Wine-Law-Association.png\",\"width\":1500,\"height\":517,\"caption\":\"AIDV\"},\"image\":{\"@id\":\"https:\\\/\\\/www.aidv.org\\\/fr\\\/#\\\/schema\\\/logo\\\/image\\\/\"},\"sameAs\":[\"https:\\\/\\\/fr.linkedin.com\\\/company\\\/aidv-iwla\"]}]}<\/script>\n<!-- \/ Yoast SEO plugin. -->","yoast_head_json":{"title":"Politique de confidentialit\u00e9 &#8212; AIDV","robots":{"index":"index","follow":"follow","max-snippet":"max-snippet:-1","max-image-preview":"max-image-preview:large","max-video-preview":"max-video-preview:-1"},"canonical":"https:\/\/www.aidv.org\/fr\/politique-de-confidentialite\/","og_locale":"fr_FR","og_type":"article","og_title":"Politique de confidentialit\u00e9 &#8212; AIDV","og_description":"La pr\u00e9sente politique de confidentialit\u00e9 d\u00e9finit et vous informe de la mani\u00e8re dont l\u2019AIDV utilise et prot\u00e8ge les informations que vous nous transmettez, le cas \u00e9ch\u00e9ant, lorsque vous utilisez le pr\u00e9sent site accessible \u00e0 partir de l\u2019URL suivante https:\/\/www.aidv.org Cette politique de confidentialit\u00e9 est susceptible d\u2019\u00eatre modifi\u00e9e ou compl\u00e9t\u00e9e \u00e0 tout moment par l\u2019AIDV, notamment [&hellip;]","og_url":"https:\/\/www.aidv.org\/fr\/politique-de-confidentialite\/","og_site_name":"AIDV","article_modified_time":"2025-01-08T16:06:50+00:00","twitter_card":"summary_large_image","schema":{"@context":"https:\/\/schema.org","@graph":[{"@type":"WebPage","@id":"https:\/\/www.aidv.org\/fr\/politique-de-confidentialite\/","url":"https:\/\/www.aidv.org\/fr\/politique-de-confidentialite\/","name":"Politique de confidentialit\u00e9 &#8212; AIDV","isPartOf":{"@id":"https:\/\/www.aidv.org\/fr\/#website"},"datePublished":"2024-01-03T12:30:00+00:00","dateModified":"2025-01-08T16:06:50+00:00","breadcrumb":{"@id":"https:\/\/www.aidv.org\/fr\/politique-de-confidentialite\/#breadcrumb"},"inLanguage":"fr-FR","potentialAction":[{"@type":"ReadAction","target":["https:\/\/www.aidv.org\/fr\/politique-de-confidentialite\/"]}]},{"@type":"BreadcrumbList","@id":"https:\/\/www.aidv.org\/fr\/politique-de-confidentialite\/#breadcrumb","itemListElement":[{"@type":"ListItem","position":1,"name":"Accueil","item":"https:\/\/www.aidv.org\/fr\/"},{"@type":"ListItem","position":2,"name":"Politique de confidentialit\u00e9"}]},{"@type":"WebSite","@id":"https:\/\/www.aidv.org\/fr\/#website","url":"https:\/\/www.aidv.org\/fr\/","name":"AIDV","description":"International Wine Law Association","publisher":{"@id":"https:\/\/www.aidv.org\/fr\/#organization"},"potentialAction":[{"@type":"SearchAction","target":{"@type":"EntryPoint","urlTemplate":"https:\/\/www.aidv.org\/fr\/?s={search_term_string}"},"query-input":{"@type":"PropertyValueSpecification","valueRequired":true,"valueName":"search_term_string"}}],"inLanguage":"fr-FR"},{"@type":"Organization","@id":"https:\/\/www.aidv.org\/fr\/#organization","name":"AIDV","url":"https:\/\/www.aidv.org\/fr\/","logo":{"@type":"ImageObject","inLanguage":"fr-FR","@id":"https:\/\/www.aidv.org\/fr\/#\/schema\/logo\/image\/","url":"https:\/\/www.aidv.org\/wp-content\/uploads\/2024\/01\/AIDV-logo-International-Wine-Law-Association.png","contentUrl":"https:\/\/www.aidv.org\/wp-content\/uploads\/2024\/01\/AIDV-logo-International-Wine-Law-Association.png","width":1500,"height":517,"caption":"AIDV"},"image":{"@id":"https:\/\/www.aidv.org\/fr\/#\/schema\/logo\/image\/"},"sameAs":["https:\/\/fr.linkedin.com\/company\/aidv-iwla"]}]}},"_links":{"self":[{"href":"https:\/\/www.aidv.org\/fr\/wp-json\/wp\/v2\/pages\/1482","targetHints":{"allow":["GET"]}}],"collection":[{"href":"https:\/\/www.aidv.org\/fr\/wp-json\/wp\/v2\/pages"}],"about":[{"href":"https:\/\/www.aidv.org\/fr\/wp-json\/wp\/v2\/types\/page"}],"author":[{"embeddable":true,"href":"https:\/\/www.aidv.org\/fr\/wp-json\/wp\/v2\/users\/1"}],"replies":[{"embeddable":true,"href":"https:\/\/www.aidv.org\/fr\/wp-json\/wp\/v2\/comments?post=1482"}],"version-history":[{"count":6,"href":"https:\/\/www.aidv.org\/fr\/wp-json\/wp\/v2\/pages\/1482\/revisions"}],"predecessor-version":[{"id":3030,"href":"https:\/\/www.aidv.org\/fr\/wp-json\/wp\/v2\/pages\/1482\/revisions\/3030"}],"wp:attachment":[{"href":"https:\/\/www.aidv.org\/fr\/wp-json\/wp\/v2\/media?parent=1482"}],"curies":[{"name":"wp","href":"https:\/\/api.w.org\/{rel}","templated":true}]}}